{"id":4343,"date":"2025-11-05T16:06:36","date_gmt":"2025-11-05T16:06:36","guid":{"rendered":"https:\/\/spaceclient.store\/?page_id=4343"},"modified":"2025-11-05T16:27:12","modified_gmt":"2025-11-05T16:27:12","slug":"website-privacy-policy","status":"publish","type":"page","link":"https:\/\/spaceclient.store\/es\/website-privacy-policy\/","title":{"rendered":"POL\u00cdTICA DE PRIVACIDAD DEL SITIO WEB"},"content":{"rendered":"<div data-elementor-type=\"wp-page\" data-elementor-id=\"4343\" class=\"elementor elementor-4343\" data-elementor-post-type=\"page\">\n\t\t\t\t<div class=\"elementor-element elementor-element-c891050 e-con-full e-flex wpr-particle-no wpr-jarallax-no wpr-parallax-no wpr-sticky-section-no e-con e-parent\" data-id=\"c891050\" data-element_type=\"container\" data-settings=\"{&quot;background_background&quot;:&quot;classic&quot;}\">\n\t\t\t\t<div class=\"elementor-element elementor-element-6e4b905 elementor-widget elementor-widget-image\" data-id=\"6e4b905\" data-element_type=\"widget\" data-widget_type=\"image.default\">\n\t\t\t\t<div class=\"elementor-widget-container\">\n\t\t\t\t\t\t\t\t\t\t\t\t\t\t\t<img decoding=\"async\" width=\"198\" height=\"81\" src=\"https:\/\/spaceclient.store\/wp-content\/uploads\/2025\/08\/logo-alivia-principal-1.svg\" class=\"attachment-full size-full wp-image-1118\" alt=\"\" \/>\t\t\t\t\t\t\t\t\t\t\t\t\t\t\t<\/div>\n\t\t\t\t<\/div>\n\t\t\t\t<\/div>\n\t\t<div class=\"elementor-element elementor-element-a1f0d17 e-flex e-con-boxed wpr-particle-no wpr-jarallax-no wpr-parallax-no wpr-sticky-section-no e-con e-parent\" data-id=\"a1f0d17\" data-element_type=\"container\">\n\t\t\t\t\t<div class=\"e-con-inner\">\n\t\t\t\t<div class=\"elementor-element elementor-element-519dec4 elementor-widget elementor-widget-heading\" data-id=\"519dec4\" data-element_type=\"widget\" data-widget_type=\"heading.default\">\n\t\t\t\t<div class=\"elementor-widget-container\">\n\t\t\t\t\t<h2 class=\"elementor-heading-title elementor-size-default\">POL\u00cdTICA DE PRIVACIDAD DEL SITIO WEB<\/h2>\t\t\t\t<\/div>\n\t\t\t\t<\/div>\n\t\t\t\t<div class=\"elementor-element elementor-element-0c2ca4b elementor-widget elementor-widget-text-editor\" data-id=\"0c2ca4b\" data-element_type=\"widget\" data-widget_type=\"text-editor.default\">\n\t\t\t\t<div class=\"elementor-widget-container\">\n\t\t\t\t\t\t\t\t\t<p class=\"font_8 wixui-rich-text__text\"><span style=\"color: #363636;\"><strong><span class=\"wixui-rich-text__text\"><span class=\"color_14 wixui-rich-text__text\">Introducci\u00f3n<\/span><\/span><\/strong><\/span><\/p><p class=\"font_8 wixui-rich-text__text\"><span class=\"wixui-rich-text__text\"><span class=\"color_14 wixui-rich-text__text\">\u200b<\/span><\/span><span class=\"wixui-rich-text__text\"><span class=\"color_14 wixui-rich-text__text\">Alivia Health LLC respeta tu privacidad como usuario de este sitio web. Por favor lee este documento para saber qu\u00e9 informaci\u00f3n recopilamos, c\u00f3mo la usamos y qu\u00e9 hacemos para proteger tu informaci\u00f3n en todo momento. Como parte de nuestro compromiso con la seguridad de tu informaci\u00f3n, es posible que actualicemos esta Pol\u00edtica de privacidad del sitio web ocasionalmente. Para tu beneficio, sugerimos que verifiques esta informaci\u00f3n peri\u00f3dicamente para mantenerte siempre al d\u00eda con nuestras pol\u00edticas. Si tienes preguntas sobre esta Pol\u00edtica de privacidad del Sitio Web, por favor escribe a\u00a0<\/span><a class=\"wixui-rich-text__text\" href=\"mailto:privacidad@aliviahealth.com\" target=\"_self\"><span class=\"color_18 wixui-rich-text__text\">privacidad@aliviahealth.com<\/span><\/a><span class=\"color_14 wixui-rich-text__text\">.<\/span><\/span><\/p><p class=\"font_8 wixui-rich-text__text\"><span style=\"color: #363636;\"><strong><span class=\"wixui-rich-text__text\">\u200b<\/span><span class=\"wixui-rich-text__text\"><span class=\"color_14 wixui-rich-text__text\">\u00bfQu\u00e9 informaci\u00f3n recopilamos?<\/span><\/span><\/strong><\/span><\/p><p class=\"font_8 wixui-rich-text__text\"><span class=\"wixui-rich-text__text\"><span class=\"color_14 wixui-rich-text__text\">Esta secci\u00f3n de la Pol\u00edtica de privacidad del Sitio Web describe los dos tipos de informaci\u00f3n que recopilamos en la p\u00e1gina web: (1) informaci\u00f3n que usted divulga voluntariamente y (2) informaci\u00f3n de navegaci\u00f3n y comportamiento.\u00a0<\/span><\/span><\/p><p class=\"font_8 wixui-rich-text__text\"><span class=\"wixui-rich-text__text\"><span class=\"color_14 wixui-rich-text__text\">Seg\u00fan la secci\u00f3n en que se encuentra, nos brindas la siguiente informaci\u00f3n voluntariamente: Nombre, n\u00famero de tel\u00e9fono, correo electr\u00f3nico, direcci\u00f3n postal e informaci\u00f3n adicional, tal como servicios sobre los que desee recibir m\u00e1s informaci\u00f3n, indicadores de poblaci\u00f3n, y otros.<\/span><\/span><\/p><ul class=\"color_14 wixui-rich-text__text\"><li class=\"wixui-rich-text__text\"><p class=\"font_8 wixui-rich-text__text\"><span class=\"wixui-rich-text__text\"><span class=\"color_14 wixui-rich-text__text\">Servicios sobre los que le gustar\u00eda recibir m\u00e1s informaci\u00f3n<\/span><\/span><\/p><\/li><li class=\"wixui-rich-text__text\"><p class=\"font_8 wixui-rich-text__text\"><span class=\"wixui-rich-text__text\"><span class=\"color_14 wixui-rich-text__text\">Indicadores demogr\u00e1ficos<\/span><\/span><\/p><\/li><li class=\"wixui-rich-text__text\"><p class=\"font_8 wixui-rich-text__text\"><span class=\"wixui-rich-text__text\"><span class=\"color_14 wixui-rich-text__text\">Entre otros\u00a0<\/span><\/span><\/p><\/li><\/ul><p class=\"font_8 wixui-rich-text__text\"><span class=\"wixui-rich-text__text\"><span class=\"color_14 wixui-rich-text__text\">No tienes que brindarnos esta informaci\u00f3n para poder usar el sitio web. Esto es completamente voluntario y tiene el objetivo de mejorar tu experiencia y ayudarnos a servirte mejor.<\/span><\/span><\/p><p class=\"font_8 wixui-rich-text__text\"><span class=\"wixui-rich-text__text\"><span class=\"color_14 wixui-rich-text__text\">Tambi\u00e9n podremos realizar encuestas voluntarias entre los usuarios de la p\u00e1gina web (cuestionarios enviados por correo o a trav\u00e9s del sitio web).\u00a0<\/span><\/span><\/p><p class=\"font_8 wixui-rich-text__text\"><span class=\"wixui-rich-text__text\"><span class=\"color_14 wixui-rich-text__text\">Alivia Health LLC usa varias tecnolog\u00edas para garantizar que los visitantes de nuestra p\u00e1gina web tengan la mejor experiencia. Estas tecnolog\u00edas pueden incluir \"cookies\" para obtener informaci\u00f3n de los visitantes en nuestro sitio, tal como rastrear las p\u00e1ginas que consultaron, cu\u00e1n frecuentemente visitan el sitio y el tiempo que pasan en cada p\u00e1gina. Las \"cookies\" son archivos peque\u00f1os de texto que se pueden guardar en su computadora cuando visita un sitio web o hace clic en una direcci\u00f3n de internet (URL). Las \"cookies\" pueden corresponder a una sola sesi\u00f3n, con el prop\u00f3sito de registrar informaci\u00f3n sobre una sola visita, y luego se borran. El otro tipo son las \"cookies\" persistentes, que usualmente se guardan en el navegador web hasta que se borren o se configure el navegador para eliminarlas. T\u00fa puedes desactivar las \"cookies\" y otras funciones similares en cualquier momento mediante los ajustes de preferencias de tu navegador. Sin embargo, esto podr\u00eda limitar tu capacidad de utilizar la funcionalidad completa de este sitio web.<\/span><\/span><\/p><p class=\"font_8 wixui-rich-text__text\"><span class=\"wixui-rich-text__text\"><span class=\"color_14 wixui-rich-text__text\">Tambi\u00e9n podremos permitir que terceros utilicen la informaci\u00f3n de las \"cookies\" para promocionarse contigo y brindarte informaci\u00f3n de inter\u00e9s. Nosotros tomamos todas las precauciones para proporcionar un sitio web seguro, pero no tenemos control sobre la tecnolog\u00eda que usen terceros para recopilar su informaci\u00f3n por \"cookies\". Podremos usar compa\u00f1\u00edas anal\u00edticas para recopilar informaci\u00f3n de los visitantes de la p\u00e1gina web, tal como cu\u00e1les p\u00e1ginas visitan y con cu\u00e1nta frecuencia, y para habilitar ciertas funciones de navegaci\u00f3n. Esta informaci\u00f3n se recopila mediante distintas tecnolog\u00edas y podr\u00eda incluir \"cookies\".<\/span><\/span><\/p><p class=\"font_8 wixui-rich-text__text\"><span class=\"wixui-rich-text__text\"><span class=\"color_14 wixui-rich-text__text\">We may use analysis companies to collect information from visitors of the website, such as which web pages are visited, how often and to enable certain navigation features. The information above is captured with different technologies and may include cookies.<\/span><\/span><\/p><p class=\"font_8 wixui-rich-text__text\"><span style=\"color: #363636;\"><strong><span class=\"wixui-rich-text__text\"><span class=\"color_14 wixui-rich-text__text\">\u00bfC\u00f3mo usamos la informaci\u00f3n recopilada?<\/span><\/span><\/strong><\/span><\/p><p class=\"font_8 wixui-rich-text__text\"><span class=\"wixui-rich-text__text\"><span class=\"color_14 wixui-rich-text__text\">Nosotros usamos la informaci\u00f3n que tu nos provees para lo siguiente:<\/span><\/span><\/p><ul class=\"color_14 wixui-rich-text__text\"><li class=\"wixui-rich-text__text\"><p class=\"font_8 wixui-rich-text__text\"><span class=\"wixui-rich-text__text\"><span class=\"color_14 wixui-rich-text__text\">Enviar informaci\u00f3n sobre las actividades y los servicios de Alivia Health.<\/span><\/span><\/p><\/li><\/ul><ul class=\"color_14 wixui-rich-text__text\"><li class=\"wixui-rich-text__text\"><p class=\"font_8 wixui-rich-text__text\"><span class=\"wixui-rich-text__text\"><span class=\"color_14 wixui-rich-text__text\">Entender c\u00f3mo interact\u00faas con nuestra p\u00e1gina web para mejorar tu experiencia en nuestro sitio y responder mejor a tus necesidades.<\/span><\/span><\/p><\/li><\/ul><p class=\"font_8 wixui-rich-text__text\"><span class=\"wixui-rich-text__text\"><span class=\"color_14 wixui-rich-text__text\">He aqu\u00ed algunos ejemplos de c\u00f3mo utilizamos la informaci\u00f3n de tu actividad para mejorar tu experiencia en el sitio web:<\/span><\/span><\/p><ul class=\"color_14 wixui-rich-text__text\"><li class=\"wixui-rich-text__text\"><p class=\"font_8 wixui-rich-text__text\"><span class=\"wixui-rich-text__text\"><span class=\"color_14 wixui-rich-text__text\">Para personalizar tu experiencia en el sitio web, lo cual incluye manejar y guardar tus preferencias<\/span><\/span><\/p><\/li><li class=\"wixui-rich-text__text\"><p class=\"font_8 wixui-rich-text__text\"><span class=\"wixui-rich-text__text\"><span class=\"color_14 wixui-rich-text__text\">Para el mercadeo, desarrollo de productos y esfuerzos de investigaci\u00f3n<\/span><\/span><\/p><\/li><li class=\"wixui-rich-text__text\"><p class=\"font_8 wixui-rich-text__text\"><span class=\"wixui-rich-text__text\"><span class=\"color_14 wixui-rich-text__text\">Para rastrear los accesos a datos y recursos en el sitio<\/span><\/span><\/p><\/li><li class=\"wixui-rich-text__text\"><p class=\"font_8 wixui-rich-text__text\"><span class=\"wixui-rich-text__text\"><span class=\"color_14 wixui-rich-text__text\">Para crear informes sobre tu uso del sitio, tu actividad y estad\u00edsticas<\/span><\/span><\/p><\/li><li class=\"wixui-rich-text__text\"><p class=\"font_8 wixui-rich-text__text\">Para ayudar a los usuarios que confronten problemas con el sitio<\/p><\/li><li class=\"wixui-rich-text__text\"><p class=\"font_8 wixui-rich-text__text\"><span class=\"wixui-rich-text__text\"><span class=\"color_14 wixui-rich-text__text\">Para habilitar ciertas funciones y herramientas en este sitio<\/span><\/span><\/p><\/li><li class=\"wixui-rich-text__text\"><p class=\"font_8 wixui-rich-text__text\"><span class=\"wixui-rich-text__text\"><span class=\"color_14 wixui-rich-text__text\">Para rastrear el trayecto de los visitantes hacia el sitio y dentro de este<\/span><\/span><\/p><\/li><\/ul><p class=\"font_8 wixui-rich-text__text\"><span class=\"wixui-rich-text__text\"><span class=\"color_14 wixui-rich-text__text\">Entender c\u00f3mo interact\u00faas con nuestra p\u00e1gina web para mejorar tu experiencia en nuestro sitio y responder mejor a tus necesidades.<\/span><\/span><\/p><p class=\"font_8 wixui-rich-text__text\"><span style=\"color: #363636;\"><strong><span class=\"wixui-rich-text__text\"><span class=\"color_14 wixui-rich-text__text\">\u00bfC\u00f3mo protegemos tu informaci\u00f3n?<\/span><\/span><\/strong><\/span><\/p><p class=\"font_8 wixui-rich-text__text\"><span class=\"wixui-rich-text__text\"><span class=\"color_14 wixui-rich-text__text\">Usamos las mejores pr\u00e1cticas en la industria inform\u00e1tica para asegurar que la informaci\u00f3n que usted nos proporcione est\u00e9 protegida contra p\u00e9rdida, abuso, alteraci\u00f3n, destrucci\u00f3n o acceso no autorizado. Para evitar el acceso no autorizado, mantener la correcci\u00f3n de los datos y garantizar que la informaci\u00f3n se use correctamente, hemos integrado procesos de administraci\u00f3n f\u00edsica y electr\u00f3nica para proteger y asegurar la informaci\u00f3n que recopilamos en l\u00ednea.<\/span><\/span><\/p><p class=\"font_8 wixui-rich-text__text\"><span class=\"wixui-rich-text__text\"><span class=\"color_14 wixui-rich-text__text\">Navegaci\u00f3n an\u00f3nima<\/span><\/span><\/p><p class=\"font_8 wixui-rich-text__text\"><span class=\"wixui-rich-text__text\"><span class=\"color_14 wixui-rich-text__text\">T\u00fa tienes el derecho y la capacidad de visitar la p\u00e1gina web sin brindar informaci\u00f3n personal. No tienes que proveer o generar informaci\u00f3n para poder usar el sitio web.<\/span><\/span><\/p><p class=\"font_8 wixui-rich-text__text\"><span style=\"color: #363636;\"><strong><span class=\"wixui-rich-text__text\"><span class=\"color_14 wixui-rich-text__text\">Aceptaci\u00f3n del Usuario a la Pol\u00edtica de privacidad del Sitio Web<\/span><\/span><\/strong><\/span><\/p><p class=\"font_8 wixui-rich-text__text\"><span class=\"wixui-rich-text__text\">\u200b<\/span><span class=\"wixui-rich-text__text\"><span class=\"color_14 wixui-rich-text__text\">Usar este sitio web constituye un reconocimiento por parte del usuario de que ha le\u00eddo, entendido y aceptado la pol\u00edtica de privacidad y que acepta sus t\u00e9rminos.<\/span><\/span><\/p><p class=\"font_8 wixui-rich-text__text\"><span class=\"wixui-rich-text__text\"><span class=\"color_14 wixui-rich-text__text\">Alivia Health se reserva el derecho de modificar o complementar esta Pol\u00edtica de privacidad del Sitio Web en cualquier momento. Si tienes preguntas sobre esta Pol\u00edtica de privacidad del Sitio Web, por favor escr\u00edbenos a\u00a0<\/span><a class=\"wixui-rich-text__text\" href=\"mailto:privacidad@aliviahealth.com\" target=\"_self\"><span class=\"color_18 wixui-rich-text__text\">privacidad@aliviahealth.com<\/span><\/a><span class=\"color_14 wixui-rich-text__text\">.<\/span><\/span><\/p>\t\t\t\t\t\t\t\t<\/div>\n\t\t\t\t<\/div>\n\t\t\t\t\t<\/div>\n\t\t\t\t<\/div>\n\t\t<div class=\"elementor-element elementor-element-fbf4692 e-flex e-con-boxed wpr-particle-no wpr-jarallax-no wpr-parallax-no wpr-sticky-section-no e-con e-parent\" data-id=\"fbf4692\" data-element_type=\"container\">\n\t\t\t\t\t<div class=\"e-con-inner\">\n\t\t\t\t<div class=\"elementor-element elementor-element-774673e elementor-widget elementor-widget-spacer\" data-id=\"774673e\" data-element_type=\"widget\" data-widget_type=\"spacer.default\">\n\t\t\t\t<div class=\"elementor-widget-container\">\n\t\t\t\t\t\t\t<div class=\"elementor-spacer\">\n\t\t\t<div class=\"elementor-spacer-inner\"><\/div>\n\t\t<\/div>\n\t\t\t\t\t\t<\/div>\n\t\t\t\t<\/div>\n\t\t\t\t\t<\/div>\n\t\t\t\t<\/div>\n\t\t<div class=\"elementor-element elementor-element-49896ebc e-con-full e-flex wpr-particle-no wpr-jarallax-no wpr-parallax-no wpr-sticky-section-no e-con e-parent\" data-id=\"49896ebc\" data-element_type=\"container\" data-settings=\"{&quot;background_background&quot;:&quot;classic&quot;}\">\n\t\t\t\t<div class=\"elementor-element elementor-element-3bdaf04e elementor-widget elementor-widget-heading\" data-id=\"3bdaf04e\" data-element_type=\"widget\" data-widget_type=\"heading.default\">\n\t\t\t\t<div class=\"elementor-widget-container\">\n\t\t\t\t\t<h2 class=\"elementor-heading-title elementor-size-default\">\u00bfNECESITAS AYUDA?<\/h2>\t\t\t\t<\/div>\n\t\t\t\t<\/div>\n\t\t\t\t<div class=\"elementor-element elementor-element-40c6b363 elementor-widget elementor-widget-text-editor\" data-id=\"40c6b363\" data-element_type=\"widget\" data-widget_type=\"text-editor.default\">\n\t\t\t\t<div class=\"elementor-widget-container\">\n\t\t\t\t\t\t\t\t\t<p>Nuestros expertos est\u00e1n disponibles para contestar todas tus<br \/>preguntas. Cont\u00e1ctanos para poder ayudarte.<\/p>\t\t\t\t\t\t\t\t<\/div>\n\t\t\t\t<\/div>\n\t\t\t\t<div class=\"elementor-element elementor-element-6d2c2175 elementor-align-center elementor-widget elementor-widget-button\" data-id=\"6d2c2175\" data-element_type=\"widget\" data-widget_type=\"button.default\">\n\t\t\t\t<div class=\"elementor-widget-container\">\n\t\t\t\t\t\t\t\t\t<div class=\"elementor-button-wrapper\">\n\t\t\t\t\t<a class=\"elementor-button elementor-button-link elementor-size-sm elementor-animation-pulse\" href=\"#\">\n\t\t\t\t\t\t<span class=\"elementor-button-content-wrapper\">\n\t\t\t\t\t\t\t\t\t<span class=\"elementor-button-text\">CONT\u00c1CTENOS<\/span>\n\t\t\t\t\t<\/span>\n\t\t\t\t\t<\/a>\n\t\t\t\t<\/div>\n\t\t\t\t\t\t\t\t<\/div>\n\t\t\t\t<\/div>\n\t\t\t\t<\/div>\n\t\t\t\t<\/div>","protected":false},"excerpt":{"rendered":"<p>WEBSITE PRIVACY POLICY Introduction \u200bAlivia Health LLC respects your privacy as a user of this website. Please read this document to know what information we collect, how we use it, and how we work to always protect your information. As part of our commitment to the security of your information, we may occasionally update this Website Privacy Policy. For your benefit, we suggest that you verify this information regularly to ensure you stay up to date with our current policies. If you have questions about this Website Privacy Policy, please send an email to:\u00a0privacidad@aliviahealth.com. \u200bWhat information do we collect? This section of the Website Privacy Policy describes the two types of information collected on the website: (1) Information you disclose voluntarily, and (2) Navigation and behavioral information.\u00a0 Depending on which section you are in, you can voluntarily provide us with information (Name, Phone number, Email, Mailing Address), and Additional Information, such as: Services on which you would like to receive more information Demographic indicators Among others\u00a0 You do not have to provide us with this information to use the website. This is purely voluntary to improve your experience and to serve you better. We may also conduct voluntary surveys of the website users (questionnaires by mail or through the website).\u00a0 At Alivia Health LLC, we use various technologies to ensure the best experience for our website visitors. This technology may include cookies to obtain information from visitors to our site, pages viewed, how often you visit the site and the time spent on each page. Cookies are small text files that can be stored on your computer when you visit a website or click on an Internet address (URL). Cookies may be single-session cookies, which usually track information during a single visit to a website and are then deleted. The other type is a persistent cookie that is usually stored in a web browser until deleted or the browser is configured to remove them. You can disable cookies and similar features by adjusting your browser preferences at any time. However, this may limit your ability to use the full functionality of this website. We may also allow third parties to use information in cookies to provide you with information of interest and publicity. We take every precaution to provide a secure website but have no control over any third-party technology that is used to collect information in cookies. We may use analysis companies to collect information from visitors of the website, such as which web pages are visited, how often and to enable certain navigation features. The information above is captured with different technologies and may include cookies. How do we use the information collected? The information you provide is used to: \u200bSend information about Alivia Health\u2019s activities and services. Understand how you interact with our web page to enhance your experience with our website and better meet your needs. Here are a few examples of how we use the information of your activity to improve your website experience: Customizing your experience on the website, including managing and recording your preferences Marketing, product development and research efforts Tracking resources and data access on the site Developing reports regarding the use of the site, your activity and statistics Helping users who have issues with the site Enabling certain features and tools on this site Tracking the visitors\u2019 path to this site and within it Personal information collected is not shared with third parties except if required by law. We do not provide any type of information about our users to other companies. How do we protect your information? We use the best practices in the IT industry to ensure that the information you give us is protected against loss, misuse, alteration, destruction or unauthorized access. To prevent unauthorized access, maintain data accuracy and ensure the correct use of information, we integrated physical and electronic management processes to safeguard and secure the information we collect online. Anonymous Browsing You have the right and ability to visit the website without providing any personal information. You do not need to provide or generate information to use it. User Acceptance of the Privacy Policy \u200bUse of this website constitutes acknowledgment on the part of the user that he or she has read, understood and accepted the privacy policy and agreed to its terms. Alivia Health reserves the right to modify or supplement this Website Privacy Policy statement at any time. For any questions you have about this Website Privacy Policy, please contact us by email at\u00a0privacidad@aliviahealth.com. NEED HELP? Our experts are available to answer all of your questions. Please sendus a message so we can further assist you. CONTAC US<\/p>","protected":false},"author":1,"featured_media":0,"parent":0,"menu_order":0,"comment_status":"closed","ping_status":"closed","template":"","meta":{"_kad_post_transparent":"","_kad_post_title":"hide","_kad_post_layout":"fullwidth","_kad_post_sidebar_id":"","_kad_post_content_style":"unboxed","_kad_post_vertical_padding":"hide","_kad_post_feature":"hide","_kad_post_feature_position":"","_kad_post_header":false,"_kad_post_footer":false,"_kad_post_classname":"","footnotes":""},"class_list":["post-4343","page","type-page","status-publish","hentry"],"_links":{"self":[{"href":"https:\/\/spaceclient.store\/es\/wp-json\/wp\/v2\/pages\/4343","targetHints":{"allow":["GET"]}}],"collection":[{"href":"https:\/\/spaceclient.store\/es\/wp-json\/wp\/v2\/pages"}],"about":[{"href":"https:\/\/spaceclient.store\/es\/wp-json\/wp\/v2\/types\/page"}],"author":[{"embeddable":true,"href":"https:\/\/spaceclient.store\/es\/wp-json\/wp\/v2\/users\/1"}],"replies":[{"embeddable":true,"href":"https:\/\/spaceclient.store\/es\/wp-json\/wp\/v2\/comments?post=4343"}],"version-history":[{"count":25,"href":"https:\/\/spaceclient.store\/es\/wp-json\/wp\/v2\/pages\/4343\/revisions"}],"predecessor-version":[{"id":4386,"href":"https:\/\/spaceclient.store\/es\/wp-json\/wp\/v2\/pages\/4343\/revisions\/4386"}],"wp:attachment":[{"href":"https:\/\/spaceclient.store\/es\/wp-json\/wp\/v2\/media?parent=4343"}],"curies":[{"name":"wp","href":"https:\/\/api.w.org\/{rel}","templated":true}]}}